{"id":2227,"date":"2020-12-03T20:05:33","date_gmt":"2020-12-03T19:05:33","guid":{"rendered":"http:\/\/vanreeth.mailbox-marketing8.be\/politique-de-confidentialite\/"},"modified":"2020-12-03T20:05:33","modified_gmt":"2020-12-03T19:05:33","slug":"politique-de-confidentialite","status":"publish","type":"page","link":"https:\/\/vanreethpuurs.be\/fr\/politique-de-confidentialite\/","title":{"rendered":"Politique de confidentialit\u00e9"},"content":{"rendered":"\t\t<div data-elementor-type=\"wp-page\" data-elementor-id=\"2227\" class=\"elementor elementor-2227 elementor-1960\" data-elementor-post-type=\"page\">\n\t\t\t\t\t\t<section class=\"elementor-section elementor-top-section elementor-element elementor-element-5c12c33 elementor-section-boxed elementor-section-height-default elementor-section-height-default\" data-id=\"5c12c33\" data-element_type=\"section\" data-e-type=\"section\" data-settings=\"{&quot;jet_parallax_layout_list&quot;:[{&quot;jet_parallax_layout_image&quot;:{&quot;url&quot;:&quot;&quot;,&quot;id&quot;:&quot;&quot;,&quot;size&quot;:&quot;&quot;},&quot;_id&quot;:&quot;9ac9c36&quot;,&quot;jet_parallax_layout_image_tablet&quot;:{&quot;url&quot;:&quot;&quot;,&quot;id&quot;:&quot;&quot;,&quot;size&quot;:&quot;&quot;},&quot;jet_parallax_layout_image_mobile&quot;:{&quot;url&quot;:&quot;&quot;,&quot;id&quot;:&quot;&quot;,&quot;size&quot;:&quot;&quot;},&quot;jet_parallax_layout_speed&quot;:{&quot;unit&quot;:&quot;%&quot;,&quot;size&quot;:50,&quot;sizes&quot;:[]},&quot;jet_parallax_layout_type&quot;:&quot;scroll&quot;,&quot;jet_parallax_layout_direction&quot;:&quot;1&quot;,&quot;jet_parallax_layout_fx_direction&quot;:null,&quot;jet_parallax_layout_z_index&quot;:&quot;&quot;,&quot;jet_parallax_layout_bg_x&quot;:50,&quot;jet_parallax_layout_bg_x_tablet&quot;:&quot;&quot;,&quot;jet_parallax_layout_bg_x_mobile&quot;:&quot;&quot;,&quot;jet_parallax_layout_bg_y&quot;:50,&quot;jet_parallax_layout_bg_y_tablet&quot;:&quot;&quot;,&quot;jet_parallax_layout_bg_y_mobile&quot;:&quot;&quot;,&quot;jet_parallax_layout_bg_size&quot;:&quot;auto&quot;,&quot;jet_parallax_layout_bg_size_tablet&quot;:&quot;&quot;,&quot;jet_parallax_layout_bg_size_mobile&quot;:&quot;&quot;,&quot;jet_parallax_layout_animation_prop&quot;:&quot;transform&quot;,&quot;jet_parallax_layout_on&quot;:[&quot;desktop&quot;,&quot;tablet&quot;]}]}\">\n\t\t\t\t\t\t<div class=\"elementor-container elementor-column-gap-default\">\n\t\t\t\t\t<div class=\"elementor-column elementor-col-100 elementor-top-column elementor-element elementor-element-ad47bad\" data-id=\"ad47bad\" data-element_type=\"column\" data-e-type=\"column\">\n\t\t\t<div class=\"elementor-widget-wrap elementor-element-populated\">\n\t\t\t\t\t\t<div class=\"elementor-element elementor-element-aef08fe elementor-widget__width-auto elementor-widget elementor-widget-heading\" data-id=\"aef08fe\" data-element_type=\"widget\" data-e-type=\"widget\" data-widget_type=\"heading.default\">\n\t\t\t\t<div class=\"elementor-widget-container\">\n\t\t\t\t\t<h1 class=\"elementor-heading-title elementor-size-default\">Politique de confidentialit\u00e9<\/h1>\t\t\t\t<\/div>\n\t\t\t\t<\/div>\n\t\t\t\t<div class=\"elementor-element elementor-element-e03e466 elementor-widget__width-auto elementor-hidden-phone elementor-widget-divider--view-line elementor-widget elementor-widget-divider\" data-id=\"e03e466\" data-element_type=\"widget\" data-e-type=\"widget\" data-widget_type=\"divider.default\">\n\t\t\t\t<div class=\"elementor-widget-container\">\n\t\t\t\t\t\t\t<div class=\"elementor-divider\">\n\t\t\t<span class=\"elementor-divider-separator\">\n\t\t\t\t\t\t<\/span>\n\t\t<\/div>\n\t\t\t\t\t\t<\/div>\n\t\t\t\t<\/div>\n\t\t\t\t\t<\/div>\n\t\t<\/div>\n\t\t\t\t\t<\/div>\n\t\t<\/section>\n\t\t\t\t<section class=\"elementor-section elementor-top-section elementor-element elementor-element-5e83cf8 elementor-section-boxed elementor-section-height-default elementor-section-height-default\" data-id=\"5e83cf8\" data-element_type=\"section\" data-e-type=\"section\" data-settings=\"{&quot;jet_parallax_layout_list&quot;:[{&quot;jet_parallax_layout_image&quot;:{&quot;url&quot;:&quot;&quot;,&quot;id&quot;:&quot;&quot;,&quot;size&quot;:&quot;&quot;},&quot;_id&quot;:&quot;b4aaa21&quot;,&quot;jet_parallax_layout_image_tablet&quot;:{&quot;url&quot;:&quot;&quot;,&quot;id&quot;:&quot;&quot;,&quot;size&quot;:&quot;&quot;},&quot;jet_parallax_layout_image_mobile&quot;:{&quot;url&quot;:&quot;&quot;,&quot;id&quot;:&quot;&quot;,&quot;size&quot;:&quot;&quot;},&quot;jet_parallax_layout_speed&quot;:{&quot;unit&quot;:&quot;%&quot;,&quot;size&quot;:50,&quot;sizes&quot;:[]},&quot;jet_parallax_layout_type&quot;:&quot;scroll&quot;,&quot;jet_parallax_layout_direction&quot;:&quot;1&quot;,&quot;jet_parallax_layout_fx_direction&quot;:null,&quot;jet_parallax_layout_z_index&quot;:&quot;&quot;,&quot;jet_parallax_layout_bg_x&quot;:50,&quot;jet_parallax_layout_bg_x_tablet&quot;:&quot;&quot;,&quot;jet_parallax_layout_bg_x_mobile&quot;:&quot;&quot;,&quot;jet_parallax_layout_bg_y&quot;:50,&quot;jet_parallax_layout_bg_y_tablet&quot;:&quot;&quot;,&quot;jet_parallax_layout_bg_y_mobile&quot;:&quot;&quot;,&quot;jet_parallax_layout_bg_size&quot;:&quot;auto&quot;,&quot;jet_parallax_layout_bg_size_tablet&quot;:&quot;&quot;,&quot;jet_parallax_layout_bg_size_mobile&quot;:&quot;&quot;,&quot;jet_parallax_layout_animation_prop&quot;:&quot;transform&quot;,&quot;jet_parallax_layout_on&quot;:[&quot;desktop&quot;,&quot;tablet&quot;]}]}\">\n\t\t\t\t\t\t<div class=\"elementor-container elementor-column-gap-default\">\n\t\t\t\t\t<div class=\"elementor-column elementor-col-100 elementor-top-column elementor-element elementor-element-ba81f4a\" data-id=\"ba81f4a\" data-element_type=\"column\" data-e-type=\"column\">\n\t\t\t<div class=\"elementor-widget-wrap elementor-element-populated\">\n\t\t\t\t\t\t<div class=\"elementor-element elementor-element-15c9143 elementor-widget elementor-widget-text-editor\" data-id=\"15c9143\" data-element_type=\"widget\" data-e-type=\"widget\" data-widget_type=\"text-editor.default\">\n\t\t\t\t<div class=\"elementor-widget-container\">\n\t\t\t\t\t\t\t\t\t<p>Cette page a \u00e9t\u00e9 mise \u00e0 jour pour la derni\u00e8re fois le 1\/12\/2020.<\/p>\n<p>Nous sommes conscients que vous nous faites confiance. Nous consid\u00e9rons qu&#8217;il est de notre responsabilit\u00e9 de prot\u00e9ger votre vie priv\u00e9e.<\/p>\n<p>Sur cette page, nous vous ferons savoir quelles sont les informations que nous recueillons lorsque vous utilisez notre site web, pourquoi nous les recueillons et comment nous les utilisons pour am\u00e9liorer votre exp\u00e9rience d&#8217;utilisateur. Vous comprendrez donc exactement comment nous travaillons.<\/p>\n<p>La pr\u00e9sente politique de confidentialit\u00e9 s&#8217;applique aux services de la Koffiebranderij de Van Reeth. Vous devez savoir que la Koffiebranderij de Van Reeth n&#8217;est pas responsable des pratiques de confidentialit\u00e9 des autres sites et ressources.<\/p>\n<p>En utilisant ce site web, vous indiquez votre acceptation de la politique de confidentialit\u00e9. La Koffiebranderij de Van Reeth respecte la vie priv\u00e9e de tous les utilisateurs de son site et veille \u00e0 ce que les informations personnelles que vous fournissez soient trait\u00e9es de mani\u00e8re confidentielle.<\/p>\n<p><strong>NOTRE UTILISATION DES DONN\u00c9ES COLLECT\u00c9ES<\/strong><\/p>\n<p>Lorsque vous vous inscrivez \u00e0 l&#8217;un de nos services, nous vous demandons de fournir des informations personnelles. Ces donn\u00e9es seront utilis\u00e9es pour effectuer le service. Les informations sont stock\u00e9es sur les propres serveurs s\u00e9curis\u00e9s de Van Reeth ou sur ceux d&#8217;un tiers.<\/p>\n<p>Nous ne combinerons pas ces informations avec d&#8217;autres informations personnelles dont nous disposons. Communications Lorsque vous nous envoyez des courriers \u00e9lectroniques ou d&#8217;autres messages, nous pouvons les conserver.<\/p>\n<p>De temps en temps, nous pouvons vous demander des informations personnelles qui sont pertinentes pour la situation en question. Cela nous permet de traiter vos questions et de r\u00e9pondre \u00e0 vos demandes. Les informations sont stock\u00e9es sur les propres serveurs s\u00e9curis\u00e9s de Van Reeth ou sur ceux d&#8217;un tiers.<\/p>\n<p>Nous recueillons des donn\u00e9es \u00e0 des fins de recherche afin de mieux comprendre nos visiteurs et de mieux adapter nos services aux besoins et aux exigences de nos clients et de nos contacts en g\u00e9n\u00e9ral.<\/p>\n<p>Ce site web utilise des &#8220;cookies&#8221; (fichiers texte plac\u00e9s sur votre ordinateur) pour aider le site web \u00e0 analyser la fa\u00e7on dont les utilisateurs utilisent le site. Les informations g\u00e9n\u00e9r\u00e9es par le cookie concernant votre utilisation du site web peuvent \u00eatre transf\u00e9r\u00e9es vers les serveurs s\u00e9curis\u00e9s de Van Reeth ou ceux d&#8217;une tierce partie.<\/p>\n<p>Nous utilisons ces informations pour suivre la mani\u00e8re dont vous utilisez le site web, pour \u00e9tablir des rapports sur l&#8217;activit\u00e9 du site et pour fournir d&#8217;autres services li\u00e9s \u00e0 l&#8217;activit\u00e9 du site et \u00e0 l&#8217;utilisation d&#8217;Internet.<\/p>\n<p><strong>OBJECTIF<\/strong><\/p>\n<p>Nous ne recueillons ni n&#8217;utilisons d&#8217;informations \u00e0 des fins autres que celles d\u00e9crites dans la pr\u00e9sente politique de confidentialit\u00e9, sauf si nous avons obtenu votre consentement pr\u00e9alable.<\/p>\n<p><strong>TROISI\u00c8MES PARTIES<\/strong><\/p>\n<p>Les informations ne sont pas partag\u00e9es avec des tiers. Dans certains cas, les informations peuvent \u00eatre partag\u00e9es en interne. Nos employ\u00e9s sont tenus de respecter la confidentialit\u00e9 de vos informations.<\/p>\n<p>Nous utilisons des cookies qui sont g\u00e9n\u00e9r\u00e9s par un fichier javascript de Google Analytics et qui sont destin\u00e9s \u00e0 fournir \u00e0 la Koffiebranderij de Van Reeth des donn\u00e9es statistiques sur les visiteurs du site web et leur comportement ennuyeux. Vous pouvez trouver plus d&#8217;informations sur cette page d&#8217;information sur la vie priv\u00e9e.<\/p>\n<p><strong>CHANGEMENTS<\/strong><\/p>\n<p>La pr\u00e9sente d\u00e9claration de confidentialit\u00e9 est ax\u00e9e sur l&#8217;utilisation et les possibilit\u00e9s de ce site. Tout ajustement et\/ou modification de ce site peut entra\u00eener des changements dans la pr\u00e9sente d\u00e9claration de confidentialit\u00e9. Il est donc conseill\u00e9 de consulter r\u00e9guli\u00e8rement cette d\u00e9claration de confidentialit\u00e9.<\/p>\n<p><strong>LES CHOIX EN MATI\u00c8RE DE DONN\u00c9ES \u00c0 CARACT\u00c8RE PERSONNEL<\/strong><\/p>\n<p>Nous offrons \u00e0 tous les visiteurs la possibilit\u00e9 de consulter, de modifier ou de supprimer toute information personnelle qui nous est actuellement fournie. Modification \/ d\u00e9sabonnement du service de newsletter Au bas de chaque (e)mailing, vous trouverez la possibilit\u00e9 de modifier vos donn\u00e9es ou de vous d\u00e9sabonner. Modification \/ d\u00e9sabonnement de la communication Si vous souhaitez modifier vos donn\u00e9es ou vous faire retirer de nos fichiers, veuillez nous contacter. Voir les coordonn\u00e9es ci-dessous.<\/p>\n<p><strong>D\u00c9SACTIVER LES COOKIES<\/strong><\/p>\n<p>Par d\u00e9faut, la plupart des navigateurs sont configur\u00e9s pour accepter les cookies, mais vous pouvez r\u00e9initialiser votre navigateur pour qu&#8217;il refuse tous les cookies ou pour qu&#8217;il vous indique quand un cookie est envoy\u00e9. Toutefois, certaines fonctions et certains services, sur notre site web et sur d&#8217;autres, peuvent ne pas fonctionner correctement si les cookies sont d\u00e9sactiv\u00e9s dans votre navigateur.<\/p>\n<p><strong>QUESTIONS ET R\u00c9ACTIONS<\/strong><\/p>\n<p>Nous v\u00e9rifions r\u00e9guli\u00e8rement le respect de cette politique de confidentialit\u00e9. Si vous avez des questions concernant cette politique de confidentialit\u00e9, veuillez nous contacter :<\/p>\n<p><strong>Van Reeth\u2019s Koffiebranderij \u00a0<\/strong><br \/>\nHoogstraat 19\/21<br \/>\n2870 Puurs-Sint-Amands<br \/>\n+32 3 889 00 57<br \/>\n<a href=\"mailto:info@vanreethpuurs.be\">info@vanreethpuurs.be<\/a><\/p>\n\t\t\t\t\t\t\t\t<\/div>\n\t\t\t\t<\/div>\n\t\t\t\t\t<\/div>\n\t\t<\/div>\n\t\t\t\t\t<\/div>\n\t\t<\/section>\n\t\t\t\t<\/div>\n\t\t","protected":false},"excerpt":{"rendered":"<p>Politique de confidentialit\u00e9 Cette page a \u00e9t\u00e9 mise \u00e0 jour pour la derni\u00e8re fois le 1\/12\/2020. Nous sommes conscients que vous nous faites confiance. Nous consid\u00e9rons qu&#8217;il est de notre responsabilit\u00e9 de prot\u00e9ger votre vie priv\u00e9e. Sur cette page, nous vous ferons savoir quelles sont les informations que nous recueillons lorsque vous utilisez notre site [&hellip;]<\/p>\n","protected":false},"author":2,"featured_media":0,"parent":0,"menu_order":0,"comment_status":"closed","ping_status":"closed","template":"","meta":{"_seopress_robots_primary_cat":"","_seopress_titles_title":"","_seopress_titles_desc":"","_seopress_robots_index":"","footnotes":""},"class_list":["post-2227","page","type-page","status-publish","hentry"],"_links":{"self":[{"href":"https:\/\/vanreethpuurs.be\/fr\/wp-json\/wp\/v2\/pages\/2227","targetHints":{"allow":["GET"]}}],"collection":[{"href":"https:\/\/vanreethpuurs.be\/fr\/wp-json\/wp\/v2\/pages"}],"about":[{"href":"https:\/\/vanreethpuurs.be\/fr\/wp-json\/wp\/v2\/types\/page"}],"author":[{"embeddable":true,"href":"https:\/\/vanreethpuurs.be\/fr\/wp-json\/wp\/v2\/users\/2"}],"replies":[{"embeddable":true,"href":"https:\/\/vanreethpuurs.be\/fr\/wp-json\/wp\/v2\/comments?post=2227"}],"version-history":[{"count":1,"href":"https:\/\/vanreethpuurs.be\/fr\/wp-json\/wp\/v2\/pages\/2227\/revisions"}],"predecessor-version":[{"id":2228,"href":"https:\/\/vanreethpuurs.be\/fr\/wp-json\/wp\/v2\/pages\/2227\/revisions\/2228"}],"wp:attachment":[{"href":"https:\/\/vanreethpuurs.be\/fr\/wp-json\/wp\/v2\/media?parent=2227"}],"curies":[{"name":"wp","href":"https:\/\/api.w.org\/{rel}","templated":true}]}}