{"id":2229,"date":"2020-12-03T20:07:33","date_gmt":"2020-12-03T19:07:33","guid":{"rendered":"http:\/\/vanreeth.mailbox-marketing8.be\/datenschutzerklaerung\/"},"modified":"2020-12-03T20:07:33","modified_gmt":"2020-12-03T19:07:33","slug":"datenschutzerklaerung","status":"publish","type":"page","link":"https:\/\/vanreethpuurs.be\/de\/datenschutzerklaerung\/","title":{"rendered":"Datenschutzerkl\u00e4rung"},"content":{"rendered":"\t\t<div data-elementor-type=\"wp-page\" data-elementor-id=\"2229\" class=\"elementor elementor-2229 elementor-1960\" data-elementor-post-type=\"page\">\n\t\t\t\t\t\t<section class=\"elementor-section elementor-top-section elementor-element elementor-element-5c12c33 elementor-section-boxed elementor-section-height-default elementor-section-height-default\" data-id=\"5c12c33\" data-element_type=\"section\" data-e-type=\"section\" data-settings=\"{&quot;jet_parallax_layout_list&quot;:[{&quot;jet_parallax_layout_image&quot;:{&quot;url&quot;:&quot;&quot;,&quot;id&quot;:&quot;&quot;,&quot;size&quot;:&quot;&quot;},&quot;_id&quot;:&quot;9ac9c36&quot;,&quot;jet_parallax_layout_image_tablet&quot;:{&quot;url&quot;:&quot;&quot;,&quot;id&quot;:&quot;&quot;,&quot;size&quot;:&quot;&quot;},&quot;jet_parallax_layout_image_mobile&quot;:{&quot;url&quot;:&quot;&quot;,&quot;id&quot;:&quot;&quot;,&quot;size&quot;:&quot;&quot;},&quot;jet_parallax_layout_speed&quot;:{&quot;unit&quot;:&quot;%&quot;,&quot;size&quot;:50,&quot;sizes&quot;:[]},&quot;jet_parallax_layout_type&quot;:&quot;scroll&quot;,&quot;jet_parallax_layout_direction&quot;:&quot;1&quot;,&quot;jet_parallax_layout_fx_direction&quot;:null,&quot;jet_parallax_layout_z_index&quot;:&quot;&quot;,&quot;jet_parallax_layout_bg_x&quot;:50,&quot;jet_parallax_layout_bg_x_tablet&quot;:&quot;&quot;,&quot;jet_parallax_layout_bg_x_mobile&quot;:&quot;&quot;,&quot;jet_parallax_layout_bg_y&quot;:50,&quot;jet_parallax_layout_bg_y_tablet&quot;:&quot;&quot;,&quot;jet_parallax_layout_bg_y_mobile&quot;:&quot;&quot;,&quot;jet_parallax_layout_bg_size&quot;:&quot;auto&quot;,&quot;jet_parallax_layout_bg_size_tablet&quot;:&quot;&quot;,&quot;jet_parallax_layout_bg_size_mobile&quot;:&quot;&quot;,&quot;jet_parallax_layout_animation_prop&quot;:&quot;transform&quot;,&quot;jet_parallax_layout_on&quot;:[&quot;desktop&quot;,&quot;tablet&quot;]}]}\">\n\t\t\t\t\t\t<div class=\"elementor-container elementor-column-gap-default\">\n\t\t\t\t\t<div class=\"elementor-column elementor-col-100 elementor-top-column elementor-element elementor-element-ad47bad\" data-id=\"ad47bad\" data-element_type=\"column\" data-e-type=\"column\">\n\t\t\t<div class=\"elementor-widget-wrap elementor-element-populated\">\n\t\t\t\t\t\t<div class=\"elementor-element elementor-element-aef08fe elementor-widget__width-auto elementor-widget elementor-widget-heading\" data-id=\"aef08fe\" data-element_type=\"widget\" data-e-type=\"widget\" data-widget_type=\"heading.default\">\n\t\t\t\t<div class=\"elementor-widget-container\">\n\t\t\t\t\t<h1 class=\"elementor-heading-title elementor-size-default\">Datenschutzerkl\u00e4rung<\/h1>\t\t\t\t<\/div>\n\t\t\t\t<\/div>\n\t\t\t\t<div class=\"elementor-element elementor-element-e03e466 elementor-widget__width-auto elementor-hidden-phone elementor-widget-divider--view-line elementor-widget elementor-widget-divider\" data-id=\"e03e466\" data-element_type=\"widget\" data-e-type=\"widget\" data-widget_type=\"divider.default\">\n\t\t\t\t<div class=\"elementor-widget-container\">\n\t\t\t\t\t\t\t<div class=\"elementor-divider\">\n\t\t\t<span class=\"elementor-divider-separator\">\n\t\t\t\t\t\t<\/span>\n\t\t<\/div>\n\t\t\t\t\t\t<\/div>\n\t\t\t\t<\/div>\n\t\t\t\t\t<\/div>\n\t\t<\/div>\n\t\t\t\t\t<\/div>\n\t\t<\/section>\n\t\t\t\t<section class=\"elementor-section elementor-top-section elementor-element elementor-element-5e83cf8 elementor-section-boxed elementor-section-height-default elementor-section-height-default\" data-id=\"5e83cf8\" data-element_type=\"section\" data-e-type=\"section\" data-settings=\"{&quot;jet_parallax_layout_list&quot;:[{&quot;jet_parallax_layout_image&quot;:{&quot;url&quot;:&quot;&quot;,&quot;id&quot;:&quot;&quot;,&quot;size&quot;:&quot;&quot;},&quot;_id&quot;:&quot;b4aaa21&quot;,&quot;jet_parallax_layout_image_tablet&quot;:{&quot;url&quot;:&quot;&quot;,&quot;id&quot;:&quot;&quot;,&quot;size&quot;:&quot;&quot;},&quot;jet_parallax_layout_image_mobile&quot;:{&quot;url&quot;:&quot;&quot;,&quot;id&quot;:&quot;&quot;,&quot;size&quot;:&quot;&quot;},&quot;jet_parallax_layout_speed&quot;:{&quot;unit&quot;:&quot;%&quot;,&quot;size&quot;:50,&quot;sizes&quot;:[]},&quot;jet_parallax_layout_type&quot;:&quot;scroll&quot;,&quot;jet_parallax_layout_direction&quot;:&quot;1&quot;,&quot;jet_parallax_layout_fx_direction&quot;:null,&quot;jet_parallax_layout_z_index&quot;:&quot;&quot;,&quot;jet_parallax_layout_bg_x&quot;:50,&quot;jet_parallax_layout_bg_x_tablet&quot;:&quot;&quot;,&quot;jet_parallax_layout_bg_x_mobile&quot;:&quot;&quot;,&quot;jet_parallax_layout_bg_y&quot;:50,&quot;jet_parallax_layout_bg_y_tablet&quot;:&quot;&quot;,&quot;jet_parallax_layout_bg_y_mobile&quot;:&quot;&quot;,&quot;jet_parallax_layout_bg_size&quot;:&quot;auto&quot;,&quot;jet_parallax_layout_bg_size_tablet&quot;:&quot;&quot;,&quot;jet_parallax_layout_bg_size_mobile&quot;:&quot;&quot;,&quot;jet_parallax_layout_animation_prop&quot;:&quot;transform&quot;,&quot;jet_parallax_layout_on&quot;:[&quot;desktop&quot;,&quot;tablet&quot;]}]}\">\n\t\t\t\t\t\t<div class=\"elementor-container elementor-column-gap-default\">\n\t\t\t\t\t<div class=\"elementor-column elementor-col-100 elementor-top-column elementor-element elementor-element-ba81f4a\" data-id=\"ba81f4a\" data-element_type=\"column\" data-e-type=\"column\">\n\t\t\t<div class=\"elementor-widget-wrap elementor-element-populated\">\n\t\t\t\t\t\t<div class=\"elementor-element elementor-element-15c9143 elementor-widget elementor-widget-text-editor\" data-id=\"15c9143\" data-element_type=\"widget\" data-e-type=\"widget\" data-widget_type=\"text-editor.default\">\n\t\t\t\t<div class=\"elementor-widget-container\">\n\t\t\t\t\t\t\t\t\t<p><strong>Diese Seite wurde zuletzt aktualisiert am 1\/12\/2020.<\/strong><\/p>\n<p>Wir sind uns bewusst, dass Sie uns Ihr Vertrauen schenken. Wir sehen es als unsere Verantwortung an, Ihre Privatsph\u00e4re zu sch\u00fctzen.<\/p>\n<p>Auf dieser Seite informieren wir Sie dar\u00fcber, welche Informationen wir sammeln, wenn Sie unsere Website benutzen, warum wir sie sammeln und wie wir sie verwenden, um Ihre Benutzererfahrung zu verbessern. Sie werden also genau verstehen, wie wir arbeiten.<\/p>\n<p>Diese Datenschutzerkl\u00e4rung gilt f\u00fcr die Dienstleistungen von Van Reeth&#8217;s Koffiebranderij . Sie sollten sich bewusst sein, dass die Koffiebranderij von Van Reeth nicht f\u00fcr die Datenschutzpraktiken anderer Websites und Ressourcen verantwortlich ist.<\/p>\n<p>Mit der Nutzung dieser Website erkl\u00e4ren Sie sich mit den Datenschutzbestimmungen einverstanden. Van Reeth&#8217;s Koffiebranderij respektiert die Privatsph\u00e4re aller Benutzer seiner Website und stellt sicher, dass die von Ihnen angegebenen pers\u00f6nlichen Daten vertraulich behandelt werden.<\/p>\n<p><strong>UNSERE VERWENDUNG DER GESAMMELTEN DATEN<\/strong><\/p>\n<p>Wenn Sie sich f\u00fcr eine unserer Dienstleistungen anmelden, bitten wir Sie um die Angabe pers\u00f6nlicher Informationen. Diese Daten werden zur Durchf\u00fchrung des Dienstes verwendet. Die Informationen werden auf den eigenen sicheren Servern von Van Reeth oder denen eines Dritten gespeichert.<\/p>\n<p>Wir werden diese Informationen nicht mit anderen pers\u00f6nlichen Informationen, die uns zur Verf\u00fcgung stehen, kombinieren. Mitteilungen Wenn Sie E-Mails oder andere Mitteilungen an uns senden, k\u00f6nnen wir diese Mitteilungen aufbewahren.<\/p>\n<p>Von Zeit zu Zeit bitten wir Sie m\u00f6glicherweise um pers\u00f6nliche Informationen, die f\u00fcr die betreffende Situation relevant sind. Dies erm\u00f6glicht uns, Ihre Fragen zu bearbeiten und Ihre Anfragen zu beantworten. Die Informationen werden auf den eigenen sicheren Servern von Van Reeth oder denen eines Dritten gespeichert.<\/p>\n<p>Wir sammeln Daten zu Forschungszwecken, um ein besseres Verst\u00e4ndnis unserer Besucher zu gewinnen, damit wir unsere Dienstleistungen besser auf die Bed\u00fcrfnisse und Anforderungen unserer Kunden und Kontakte im Allgemeinen abstimmen k\u00f6nnen.<\/p>\n<p>Diese Website verwendet &#8220;Cookies&#8221; (Textdateien, die auf Ihrem Computer gespeichert werden), um der Website bei der Analyse zu helfen, wie Benutzer die Website nutzen. Die durch den Cookie generierten Informationen \u00fcber Ihre Nutzung der Website k\u00f6nnen auf die eigenen sicheren Server von Van Reeth oder die eines Dritten \u00fcbertragen werden.<\/p>\n<p>Wir verwenden diese Informationen, um zu verfolgen, wie Sie die Website nutzen, um Berichte \u00fcber die Website-Aktivit\u00e4t zusammenzustellen und um andere Dienstleistungen im Zusammenhang mit der Website-Aktivit\u00e4t und der Internet-Nutzung anzubieten.<\/p>\n<p><strong>ZWECK<\/strong><\/p>\n<p>Wir sammeln oder verwenden Informationen nicht f\u00fcr andere als die in dieser Datenschutzrichtlinie beschriebenen Zwecke, es sei denn, wir haben Ihre vorherige Zustimmung eingeholt.<\/p>\n<p><strong>DRITTE PARTEIEN<\/strong><\/p>\n<p>Die Informationen werden nicht an Dritte weitergegeben. In einigen F\u00e4llen k\u00f6nnen die Informationen intern ausgetauscht werden. Unsere Mitarbeiter sind verpflichtet, die Vertraulichkeit Ihrer Informationen zu respektieren.<\/p>\n<p>Wir verwenden Cookies, die durch eine Javascript-Datei von Google Analytics erzeugt werden und die dazu dienen, Van Reeth&#8217;s Koffiebranderij statistische Daten \u00fcber Website-Besucher und deren langweiliges Verhalten zu liefern. Weitere Informationen finden Sie auf dieser Informationsseite zum Thema Datenschutz.<\/p>\n<p><strong>\u00c4NDERUNGEN<\/strong><\/p>\n<p>Diese Datenschutzerkl\u00e4rung ist auf die Nutzung und die M\u00f6glichkeiten dieser Website ausgerichtet. Jegliche Anpassungen und\/oder \u00c4nderungen an dieser Website k\u00f6nnen zu \u00c4nderungen dieser Datenschutzerkl\u00e4rung f\u00fchren. Es ist daher ratsam, diese Datenschutzerkl\u00e4rung regelm\u00e4\u00dfig zu konsultieren.<\/p>\n<p><strong>AUSWAHLM\u00d6GLICHKEITEN F\u00dcR PERS\u00d6NLICHE DATEN<\/strong><\/p>\n<p>Wir bieten allen Besuchern die M\u00f6glichkeit, alle pers\u00f6nlichen Informationen, die uns derzeit zur Verf\u00fcgung gestellt werden, einzusehen, zu \u00e4ndern oder zu l\u00f6schen. Service-Newsletter \u00e4ndern \/ abbestellen Am Ende jedes (E)Mailings finden Sie die M\u00f6glichkeit, Ihre Daten zu \u00e4ndern oder den Newsletter abzubestellen. Mitteilung \u00e4ndern \/ abbestellen Wenn Sie Ihre Daten \u00e4ndern oder sich aus unseren Dateien entfernen lassen m\u00f6chten, kontaktieren Sie uns bitte. Siehe Kontaktdaten unten.<\/p>\n<p><strong>COOKIES DEAKTIVIEREN<\/strong><\/p>\n<p>Standardm\u00e4\u00dfig sind die meisten Browser so eingestellt, dass sie Cookies akzeptieren, aber Sie k\u00f6nnen Ihren Browser so einstellen, dass er alle Cookies ablehnt oder anzeigt, wenn ein Cookie gesendet wird. Es kann jedoch sein, dass einige Funktionen und Dienste auf unserer und anderen Websites nicht richtig funktionieren, wenn Cookies in Ihrem Browser deaktiviert sind.<\/p>\n<p><strong>FRAGEN UND FEEDBACK<\/strong><\/p>\n<p>Wir \u00fcberpr\u00fcfen regelm\u00e4\u00dfig die Einhaltung dieser Datenschutzrichtlinie. Wenn Sie Fragen zu dieser Datenschutzerkl\u00e4rung haben, wenden Sie sich bitte an uns:<\/p>\n<p><strong>Van Reeth\u2019s Koffiebranderij \u00a0<\/strong><br \/>\nHoogstraat 19\/21<br \/>\n2870 Puurs-Sint-Amands<br \/>\n+32 3 889 00 57<br \/>\n<a href=\"mailto:info@vanreethpuurs.be\">info@vanreethpuurs.be<\/a><\/p>\n\t\t\t\t\t\t\t\t<\/div>\n\t\t\t\t<\/div>\n\t\t\t\t\t<\/div>\n\t\t<\/div>\n\t\t\t\t\t<\/div>\n\t\t<\/section>\n\t\t\t\t<\/div>\n\t\t","protected":false},"excerpt":{"rendered":"<p>Datenschutzerkl\u00e4rung Diese Seite wurde zuletzt aktualisiert am 1\/12\/2020. Wir sind uns bewusst, dass Sie uns Ihr Vertrauen schenken. Wir sehen es als unsere Verantwortung an, Ihre Privatsph\u00e4re zu sch\u00fctzen. Auf dieser Seite informieren wir Sie dar\u00fcber, welche Informationen wir sammeln, wenn Sie unsere Website benutzen, warum wir sie sammeln und wie wir sie verwenden, um [&hellip;]<\/p>\n","protected":false},"author":2,"featured_media":0,"parent":0,"menu_order":0,"comment_status":"closed","ping_status":"closed","template":"","meta":{"_seopress_robots_primary_cat":"","_seopress_titles_title":"","_seopress_titles_desc":"","_seopress_robots_index":"","footnotes":""},"class_list":["post-2229","page","type-page","status-publish","hentry"],"_links":{"self":[{"href":"https:\/\/vanreethpuurs.be\/de\/wp-json\/wp\/v2\/pages\/2229","targetHints":{"allow":["GET"]}}],"collection":[{"href":"https:\/\/vanreethpuurs.be\/de\/wp-json\/wp\/v2\/pages"}],"about":[{"href":"https:\/\/vanreethpuurs.be\/de\/wp-json\/wp\/v2\/types\/page"}],"author":[{"embeddable":true,"href":"https:\/\/vanreethpuurs.be\/de\/wp-json\/wp\/v2\/users\/2"}],"replies":[{"embeddable":true,"href":"https:\/\/vanreethpuurs.be\/de\/wp-json\/wp\/v2\/comments?post=2229"}],"version-history":[{"count":1,"href":"https:\/\/vanreethpuurs.be\/de\/wp-json\/wp\/v2\/pages\/2229\/revisions"}],"predecessor-version":[{"id":2230,"href":"https:\/\/vanreethpuurs.be\/de\/wp-json\/wp\/v2\/pages\/2229\/revisions\/2230"}],"wp:attachment":[{"href":"https:\/\/vanreethpuurs.be\/de\/wp-json\/wp\/v2\/media?parent=2229"}],"curies":[{"name":"wp","href":"https:\/\/api.w.org\/{rel}","templated":true}]}}